{"id":71,"date":"2025-08-11T14:06:04","date_gmt":"2025-08-11T14:06:04","guid":{"rendered":"https:\/\/historicrallyfafe.com\/index.php\/contactos\/"},"modified":"2025-08-25T15:20:24","modified_gmt":"2025-08-25T15:20:24","slug":"contactos","status":"publish","type":"page","link":"https:\/\/historicrallyfafe.com\/en\/contactos\/","title":{"rendered":"Contacts"},"content":{"rendered":"<div data-elementor-type=\"wp-page\" data-elementor-id=\"71\" class=\"elementor elementor-71\" data-elementor-post-type=\"page\">\n\t\t\t\t<div class=\"elementor-element elementor-element-255747b e-con-full e-flex e-con e-parent\" data-id=\"255747b\" data-element_type=\"container\" data-e-type=\"container\">\n\t\t<div class=\"elementor-element elementor-element-ab27680 e-con-full e-flex e-con e-child\" data-id=\"ab27680\" data-element_type=\"container\" data-e-type=\"container\">\n\t\t<div class=\"elementor-element elementor-element-60884d2 e-con-full e-flex e-con e-child\" data-id=\"60884d2\" data-element_type=\"container\" data-e-type=\"container\">\n\t\t<div class=\"elementor-element elementor-element-0bad518 e-con-full e-flex e-con e-child\" data-id=\"0bad518\" data-element_type=\"container\" data-e-type=\"container\" data-settings=\"{&quot;background_background&quot;:&quot;classic&quot;}\">\n\t\t\t\t<div class=\"elementor-element elementor-element-6aac6c0 elementor-invisible elementor-widget elementor-widget-heading\" data-id=\"6aac6c0\" data-element_type=\"widget\" data-e-type=\"widget\" data-settings=\"{&quot;_animation&quot;:&quot;fadeInDown&quot;}\" data-widget_type=\"heading.default\">\n\t\t\t\t\t<h2 class=\"elementor-heading-title elementor-size-default\">Contacts<\/h2>\t\t\t\t<\/div>\n\t\t\t\t<\/div>\n\t\t\t\t<\/div>\n\t\t\t\t<\/div>\n\t\t\t\t<\/div>\n\t\t<div class=\"elementor-element elementor-element-dd76736 e-flex e-con-boxed e-con e-parent\" data-id=\"dd76736\" data-element_type=\"container\" data-e-type=\"container\">\n\t\t\t\t\t<div class=\"e-con-inner\">\n\t\t<div class=\"elementor-element elementor-element-5bc4d5f4 e-con-full elementor-hidden-mobile e-flex e-con e-child\" data-id=\"5bc4d5f4\" data-element_type=\"container\" data-e-type=\"container\">\n\t\t\t\t<div class=\"elementor-element elementor-element-102e5eb1 elementor-widget elementor-widget-heading\" data-id=\"102e5eb1\" data-element_type=\"widget\" data-e-type=\"widget\" data-widget_type=\"heading.default\">\n\t\t\t\t\t<h2 class=\"elementor-heading-title elementor-size-default\">Organizer<\/h2>\t\t\t\t<\/div>\n\t\t\t\t<div class=\"elementor-element elementor-element-7462b62b elementor-widget__width-initial elementor-widget elementor-widget-image\" data-id=\"7462b62b\" data-element_type=\"widget\" data-e-type=\"widget\" data-widget_type=\"image.default\">\n\t\t\t\t\t\t\t\t\t\t\t\t\t\t\t<img fetchpriority=\"high\" decoding=\"async\" width=\"800\" height=\"538\" src=\"https:\/\/historicrallyfafe.com\/wp-content\/uploads\/2025\/08\/DemoPorto-1024x688.jpg\" class=\"attachment-large size-large wp-image-72\" alt=\"\" srcset=\"https:\/\/historicrallyfafe.com\/wp-content\/uploads\/2025\/08\/DemoPorto-1024x688.jpg 1024w, https:\/\/historicrallyfafe.com\/wp-content\/uploads\/2025\/08\/DemoPorto-300x202.jpg 300w, https:\/\/historicrallyfafe.com\/wp-content\/uploads\/2025\/08\/DemoPorto-768x516.jpg 768w, https:\/\/historicrallyfafe.com\/wp-content\/uploads\/2025\/08\/DemoPorto.jpg 1239w\" sizes=\"(max-width: 800px) 100vw, 800px\" \/>\t\t\t\t\t\t\t\t\t\t\t\t\t\t\t<\/div>\n\t\t\t\t<\/div>\n\t\t<div class=\"elementor-element elementor-element-597370d4 e-con-full e-flex e-con e-child\" data-id=\"597370d4\" data-element_type=\"container\" data-e-type=\"container\">\n\t\t\t\t<div class=\"elementor-element elementor-element-5e055c10 elementor-widget elementor-widget-heading\" data-id=\"5e055c10\" data-element_type=\"widget\" data-e-type=\"widget\" data-widget_type=\"heading.default\">\n\t\t\t\t\t<h2 class=\"elementor-heading-title elementor-size-default\">Email:<\/h2>\t\t\t\t<\/div>\n\t\t\t\t<div class=\"elementor-element elementor-element-740d6c74 elementor-widget elementor-widget-text-editor\" data-id=\"740d6c74\" data-element_type=\"widget\" data-e-type=\"widget\" data-widget_type=\"text-editor.default\">\n\t\t\t\t\t\t\t\t\t<p><a href=\"mailto:geral@demoporto.com\" data-wplink-edit=\"true\">geral@demoporto.com<\/a><\/p>\t\t\t\t\t\t\t\t<\/div>\n\t\t\t\t<div class=\"elementor-element elementor-element-3b17232b elementor-widget elementor-widget-heading\" data-id=\"3b17232b\" data-element_type=\"widget\" data-e-type=\"widget\" data-widget_type=\"heading.default\">\n\t\t\t\t\t<h2 class=\"elementor-heading-title elementor-size-default\">Competitor Relations:<\/h2>\t\t\t\t<\/div>\n\t\t\t\t<div class=\"elementor-element elementor-element-64373aca elementor-widget elementor-widget-text-editor\" data-id=\"64373aca\" data-element_type=\"widget\" data-e-type=\"widget\" data-widget_type=\"text-editor.default\">\n\t\t\t\t\t\t\t\t\t<p>Gon\u00e7alo Manahu\u00a0<\/p><p>+351 917276006<br \/><a href=\"mailto:competitors@demoporto.com\">competitors@demoporto.com<\/a><\/p>\t\t\t\t\t\t\t\t<\/div>\n\t\t\t\t<div class=\"elementor-element elementor-element-56f22c60 elementor-widget elementor-widget-heading\" data-id=\"56f22c60\" data-element_type=\"widget\" data-e-type=\"widget\" data-widget_type=\"heading.default\">\n\t\t\t\t\t<h2 class=\"elementor-heading-title elementor-size-default\">Adress<\/h2>\t\t\t\t<\/div>\n\t\t\t\t<div class=\"elementor-element elementor-element-5045f428 elementor-widget elementor-widget-text-editor\" data-id=\"5045f428\" data-element_type=\"widget\" data-e-type=\"widget\" data-widget_type=\"text-editor.default\">\n\t\t\t\t\t\t\t\t\t<p>Bairro do Regado (Rua Avelar Brotero) Bloco 12 Loja 296, <span style=\"font-family: -apple-system, BlinkMacSystemFont, 'Segoe UI', Roboto, 'Helvetica Neue', Arial, 'Noto Sans', sans-serif, 'Apple Color Emoji', 'Segoe UI Emoji', 'Segoe UI Symbol', 'Noto Color Emoji';\">Apartado 52042, <\/span><span style=\"font-family: -apple-system, BlinkMacSystemFont, 'Segoe UI', Roboto, 'Helvetica Neue', Arial, 'Noto Sans', sans-serif, 'Apple Color Emoji', 'Segoe UI Emoji', 'Segoe UI Symbol', 'Noto Color Emoji';\">4201-802 Porto<\/span><\/p>\t\t\t\t\t\t\t\t<\/div>\n\t\t\t\t<\/div>\n\t\t\t\t\t<\/div>\n\t\t\t\t<\/div>\n\t\t\t\t<\/div>","protected":false},"excerpt":{"rendered":"<p>Contactos Organizador: Email: geral@demoporto.com Rela\u00e7\u00f5es com os Concorrentes: Gon\u00e7alo Manahu\u00a0 +351 917276006competitors@demoporto.com Morada: Bairro do Regado (Rua Avelar Brotero) Bloco 12 Loja 296, Apartado 52042, 4201-802 Porto<\/p>","protected":false},"author":1,"featured_media":0,"parent":0,"menu_order":0,"comment_status":"closed","ping_status":"closed","template":"","meta":{"iawp_total_views":410,"footnotes":""},"class_list":["post-71","page","type-page","status-publish","hentry"],"yoast_head":"<!-- This site is optimized with the Yoast SEO plugin v27.3 - https:\/\/yoast.com\/product\/yoast-seo-wordpress\/ -->\n<title>Contactos - Historic Rally Fafe<\/title>\n<meta name=\"robots\" content=\"index, follow, max-snippet:-1, max-image-preview:large, max-video-preview:-1\" \/>\n<link rel=\"canonical\" href=\"https:\/\/historicrallyfafe.com\/en\/contactos\/\" \/>\n<meta property=\"og:locale\" content=\"en_US\" \/>\n<meta property=\"og:type\" content=\"article\" \/>\n<meta property=\"og:title\" content=\"Contactos - Historic Rally Fafe\" \/>\n<meta property=\"og:description\" content=\"Contactos Organizador: Email: geral@demoporto.com Rela\u00e7\u00f5es com os Concorrentes: Gon\u00e7alo Manahu\u00a0 +351 917276006competitors@demoporto.com Morada: Bairro do Regado (Rua Avelar Brotero) Bloco 12 Loja 296, Apartado 52042, 4201-802 Porto\" \/>\n<meta property=\"og:url\" content=\"https:\/\/historicrallyfafe.com\/en\/contactos\/\" \/>\n<meta property=\"og:site_name\" content=\"Historic Rally Fafe\" \/>\n<meta property=\"article:modified_time\" content=\"2025-08-25T15:20:24+00:00\" \/>\n<meta property=\"og:image\" content=\"https:\/\/historicrallyfafe.com\/wp-content\/uploads\/2025\/08\/DemoPorto-1024x688.jpg\" \/>\n<meta name=\"twitter:card\" content=\"summary_large_image\" \/>\n<meta name=\"twitter:label1\" content=\"Est. reading time\" \/>\n\t<meta name=\"twitter:data1\" content=\"1 minute\" \/>\n<script type=\"application\/ld+json\" class=\"yoast-schema-graph\">{\"@context\":\"https:\\\/\\\/schema.org\",\"@graph\":[{\"@type\":\"WebPage\",\"@id\":\"https:\\\/\\\/historicrallyfafe.com\\\/en\\\/contactos\\\/\",\"url\":\"https:\\\/\\\/historicrallyfafe.com\\\/en\\\/contactos\\\/\",\"name\":\"Contactos - Historic Rally Fafe\",\"isPartOf\":{\"@id\":\"https:\\\/\\\/historicrallyfafe.com\\\/#website\"},\"primaryImageOfPage\":{\"@id\":\"https:\\\/\\\/historicrallyfafe.com\\\/en\\\/contactos\\\/#primaryimage\"},\"image\":{\"@id\":\"https:\\\/\\\/historicrallyfafe.com\\\/en\\\/contactos\\\/#primaryimage\"},\"thumbnailUrl\":\"https:\\\/\\\/historicrallyfafe.com\\\/wp-content\\\/uploads\\\/2025\\\/08\\\/DemoPorto-1024x688.jpg\",\"datePublished\":\"2025-08-11T14:06:04+00:00\",\"dateModified\":\"2025-08-25T15:20:24+00:00\",\"breadcrumb\":{\"@id\":\"https:\\\/\\\/historicrallyfafe.com\\\/en\\\/contactos\\\/#breadcrumb\"},\"inLanguage\":\"en-US\",\"potentialAction\":[{\"@type\":\"ReadAction\",\"target\":[\"https:\\\/\\\/historicrallyfafe.com\\\/en\\\/contactos\\\/\"]}]},{\"@type\":\"ImageObject\",\"inLanguage\":\"en-US\",\"@id\":\"https:\\\/\\\/historicrallyfafe.com\\\/en\\\/contactos\\\/#primaryimage\",\"url\":\"https:\\\/\\\/historicrallyfafe.com\\\/wp-content\\\/uploads\\\/2025\\\/08\\\/DemoPorto-1024x688.jpg\",\"contentUrl\":\"https:\\\/\\\/historicrallyfafe.com\\\/wp-content\\\/uploads\\\/2025\\\/08\\\/DemoPorto-1024x688.jpg\"},{\"@type\":\"BreadcrumbList\",\"@id\":\"https:\\\/\\\/historicrallyfafe.com\\\/en\\\/contactos\\\/#breadcrumb\",\"itemListElement\":[{\"@type\":\"ListItem\",\"position\":1,\"name\":\"Home\",\"item\":\"https:\\\/\\\/historicrallyfafe.com\\\/\"},{\"@type\":\"ListItem\",\"position\":2,\"name\":\"Contactos\"}]},{\"@type\":\"WebSite\",\"@id\":\"https:\\\/\\\/historicrallyfafe.com\\\/#website\",\"url\":\"https:\\\/\\\/historicrallyfafe.com\\\/\",\"name\":\"Historic Rally Fafe\",\"description\":\"\",\"publisher\":{\"@id\":\"https:\\\/\\\/historicrallyfafe.com\\\/#organization\"},\"potentialAction\":[{\"@type\":\"SearchAction\",\"target\":{\"@type\":\"EntryPoint\",\"urlTemplate\":\"https:\\\/\\\/historicrallyfafe.com\\\/?s={search_term_string}\"},\"query-input\":{\"@type\":\"PropertyValueSpecification\",\"valueRequired\":true,\"valueName\":\"search_term_string\"}}],\"inLanguage\":\"en-US\"},{\"@type\":\"Organization\",\"@id\":\"https:\\\/\\\/historicrallyfafe.com\\\/#organization\",\"name\":\"Historic Rally Fafe\",\"url\":\"https:\\\/\\\/historicrallyfafe.com\\\/\",\"logo\":{\"@type\":\"ImageObject\",\"inLanguage\":\"en-US\",\"@id\":\"https:\\\/\\\/historicrallyfafe.com\\\/#\\\/schema\\\/logo\\\/image\\\/\",\"url\":\"https:\\\/\\\/historicrallyfafe.com\\\/wp-content\\\/uploads\\\/2026\\\/02\\\/cropped-cropped-Placa-Historic-Fafe-scaled-1.png\",\"contentUrl\":\"https:\\\/\\\/historicrallyfafe.com\\\/wp-content\\\/uploads\\\/2026\\\/02\\\/cropped-cropped-Placa-Historic-Fafe-scaled-1.png\",\"width\":1092,\"height\":696,\"caption\":\"Historic Rally Fafe\"},\"image\":{\"@id\":\"https:\\\/\\\/historicrallyfafe.com\\\/#\\\/schema\\\/logo\\\/image\\\/\"}}]}<\/script>\n<!-- \/ Yoast SEO plugin. -->","yoast_head_json":{"title":"Contactos - Historic Rally Fafe","robots":{"index":"index","follow":"follow","max-snippet":"max-snippet:-1","max-image-preview":"max-image-preview:large","max-video-preview":"max-video-preview:-1"},"canonical":"https:\/\/historicrallyfafe.com\/en\/contactos\/","og_locale":"en_US","og_type":"article","og_title":"Contactos - Historic Rally Fafe","og_description":"Contactos Organizador: Email: geral@demoporto.com Rela\u00e7\u00f5es com os Concorrentes: Gon\u00e7alo Manahu\u00a0 +351 917276006competitors@demoporto.com Morada: Bairro do Regado (Rua Avelar Brotero) Bloco 12 Loja 296, Apartado 52042, 4201-802 Porto","og_url":"https:\/\/historicrallyfafe.com\/en\/contactos\/","og_site_name":"Historic Rally Fafe","article_modified_time":"2025-08-25T15:20:24+00:00","og_image":[{"url":"https:\/\/historicrallyfafe.com\/wp-content\/uploads\/2025\/08\/DemoPorto-1024x688.jpg","type":"","width":"","height":""}],"twitter_card":"summary_large_image","twitter_misc":{"Est. reading time":"1 minute"},"schema":{"@context":"https:\/\/schema.org","@graph":[{"@type":"WebPage","@id":"https:\/\/historicrallyfafe.com\/en\/contactos\/","url":"https:\/\/historicrallyfafe.com\/en\/contactos\/","name":"Contactos - Historic Rally Fafe","isPartOf":{"@id":"https:\/\/historicrallyfafe.com\/#website"},"primaryImageOfPage":{"@id":"https:\/\/historicrallyfafe.com\/en\/contactos\/#primaryimage"},"image":{"@id":"https:\/\/historicrallyfafe.com\/en\/contactos\/#primaryimage"},"thumbnailUrl":"https:\/\/historicrallyfafe.com\/wp-content\/uploads\/2025\/08\/DemoPorto-1024x688.jpg","datePublished":"2025-08-11T14:06:04+00:00","dateModified":"2025-08-25T15:20:24+00:00","breadcrumb":{"@id":"https:\/\/historicrallyfafe.com\/en\/contactos\/#breadcrumb"},"inLanguage":"en-US","potentialAction":[{"@type":"ReadAction","target":["https:\/\/historicrallyfafe.com\/en\/contactos\/"]}]},{"@type":"ImageObject","inLanguage":"en-US","@id":"https:\/\/historicrallyfafe.com\/en\/contactos\/#primaryimage","url":"https:\/\/historicrallyfafe.com\/wp-content\/uploads\/2025\/08\/DemoPorto-1024x688.jpg","contentUrl":"https:\/\/historicrallyfafe.com\/wp-content\/uploads\/2025\/08\/DemoPorto-1024x688.jpg"},{"@type":"BreadcrumbList","@id":"https:\/\/historicrallyfafe.com\/en\/contactos\/#breadcrumb","itemListElement":[{"@type":"ListItem","position":1,"name":"Home","item":"https:\/\/historicrallyfafe.com\/"},{"@type":"ListItem","position":2,"name":"Contactos"}]},{"@type":"WebSite","@id":"https:\/\/historicrallyfafe.com\/#website","url":"https:\/\/historicrallyfafe.com\/","name":"Historic Rally Fafe","description":"","publisher":{"@id":"https:\/\/historicrallyfafe.com\/#organization"},"potentialAction":[{"@type":"SearchAction","target":{"@type":"EntryPoint","urlTemplate":"https:\/\/historicrallyfafe.com\/?s={search_term_string}"},"query-input":{"@type":"PropertyValueSpecification","valueRequired":true,"valueName":"search_term_string"}}],"inLanguage":"en-US"},{"@type":"Organization","@id":"https:\/\/historicrallyfafe.com\/#organization","name":"Historic Rally Fafe","url":"https:\/\/historicrallyfafe.com\/","logo":{"@type":"ImageObject","inLanguage":"en-US","@id":"https:\/\/historicrallyfafe.com\/#\/schema\/logo\/image\/","url":"https:\/\/historicrallyfafe.com\/wp-content\/uploads\/2026\/02\/cropped-cropped-Placa-Historic-Fafe-scaled-1.png","contentUrl":"https:\/\/historicrallyfafe.com\/wp-content\/uploads\/2026\/02\/cropped-cropped-Placa-Historic-Fafe-scaled-1.png","width":1092,"height":696,"caption":"Historic Rally Fafe"},"image":{"@id":"https:\/\/historicrallyfafe.com\/#\/schema\/logo\/image\/"}}]}},"_links":{"self":[{"href":"https:\/\/historicrallyfafe.com\/en\/wp-json\/wp\/v2\/pages\/71","targetHints":{"allow":["GET"]}}],"collection":[{"href":"https:\/\/historicrallyfafe.com\/en\/wp-json\/wp\/v2\/pages"}],"about":[{"href":"https:\/\/historicrallyfafe.com\/en\/wp-json\/wp\/v2\/types\/page"}],"author":[{"embeddable":true,"href":"https:\/\/historicrallyfafe.com\/en\/wp-json\/wp\/v2\/users\/1"}],"replies":[{"embeddable":true,"href":"https:\/\/historicrallyfafe.com\/en\/wp-json\/wp\/v2\/comments?post=71"}],"version-history":[{"count":7,"href":"https:\/\/historicrallyfafe.com\/en\/wp-json\/wp\/v2\/pages\/71\/revisions"}],"predecessor-version":[{"id":282,"href":"https:\/\/historicrallyfafe.com\/en\/wp-json\/wp\/v2\/pages\/71\/revisions\/282"}],"wp:attachment":[{"href":"https:\/\/historicrallyfafe.com\/en\/wp-json\/wp\/v2\/media?parent=71"}],"curies":[{"name":"wp","href":"https:\/\/api.w.org\/{rel}","templated":true}]}}